{"id":1166,"date":"2017-08-30T18:47:42","date_gmt":"2017-08-30T21:47:42","guid":{"rendered":"http:\/\/turismo.eca.usp.br\/?page_id=1166"},"modified":"2020-10-23T10:20:16","modified_gmt":"2020-10-23T13:20:16","slug":"docentes-2","status":"publish","type":"page","link":"https:\/\/turismo.eca.usp.br\/index.php\/docentes-2\/","title":{"rendered":"Antigos Docentes"},"content":{"rendered":"<p style=\"text-align: justify;\">Ao longo destes mais de 45 anos de atividades, o curso de Turismo da ECA p\u00f4de contribuir com o conhecimento cient\u00edfico de professores que foram ou ainda s\u00e3o pesquisadores pioneiros no pa\u00eds.<\/p>\n<p>Acompanhe o legado de alguns deles:<\/p>\n<p><strong><a href=\"http:\/\/buscatextual.cnpq.br\/buscatextual\/visualizacv.do?id=K4767309J1\">Am\u00e9rico Pellegrini Filho<br \/>\n<\/a><\/strong><strong><a href=\"http:\/\/buscatextual.cnpq.br\/buscatextual\/visualizacv.do?id=K4783989Z3\">Beatriz Helena Gelas Lage<\/a><\/strong><br \/>\n<strong><a href=\"http:\/\/buscatextual.cnpq.br\/buscatextual\/visualizacv.do?id=K4705584D2\">C\u00e9lia Maria de Moraes Dias<\/a><br \/>\n<\/strong><strong><a href=\"http:\/\/buscatextual.cnpq.br\/buscatextual\/visualizacv.do?id=K4728691J7\">Doris van de Meene Ruschmann<br \/>\n<\/a><\/strong><strong><a href=\"http:\/\/buscatextual.cnpq.br\/buscatextual\/visualizacv.do?id=K4768219H3\">Mario Carlos Beni<\/a><br \/>\n<a href=\"http:\/\/buscatextual.cnpq.br\/buscatextual\/visualizacv.do?id=K4780218T4\">Mario Jorge Pires<\/a><br \/>\n<a href=\"http:\/\/buscatextual.cnpq.br\/buscatextual\/visualizacv.do?id=K4787414J5\">Mirian Rejowski<\/a><br \/>\n<a href=\"http:\/\/buscatextual.cnpq.br\/buscatextual\/visualizacv.do?id=K4763873Y0\">Olga Tulik<\/a><br \/>\n<a href=\"http:\/\/buscatextual.cnpq.br\/buscatextual\/visualizacv.do?id=K4131864D5\">Ren\u00e9e Correa do Nascimento<\/a><br \/>\n<a href=\"http:\/\/buscatextual.cnpq.br\/buscatextual\/visualizacv.do?id=K4788150E8\">Sarah Strachman Bacal<\/a><br \/>\n<a href=\"http:\/\/buscatextual.cnpq.br\/buscatextual\/visualizacv.do?id=K4795828H6\">Victor Aquino Gomes Corr\u00eaa<\/a><br \/>\n<a href=\"http:\/\/buscatextual.cnpq.br\/buscatextual\/visualizacv.do?id=K4728557E6\">Wilson Abrah\u00e3o Rabahy<\/a><\/strong><\/p>\n<p>&nbsp;<\/p>\n","protected":false},"excerpt":{"rendered":"<p>Ao longo destes mais de 45 anos de atividades, o curso de Turismo da ECA p\u00f4de contribuir com o conhecimento cient\u00edfico de professores que foram ou ainda s\u00e3o pesquisadores pioneiros&#8230; <\/p>\n<div class=\"link-more\"><a href=\"https:\/\/turismo.eca.usp.br\/index.php\/docentes-2\/\">Leia mais<\/a><\/div>\n","protected":false},"author":1,"featured_media":2476,"parent":0,"menu_order":0,"comment_status":"closed","ping_status":"closed","template":"","meta":{"footnotes":""},"_links":{"self":[{"href":"https:\/\/turismo.eca.usp.br\/index.php\/wp-json\/wp\/v2\/pages\/1166"}],"collection":[{"href":"https:\/\/turismo.eca.usp.br\/index.php\/wp-json\/wp\/v2\/pages"}],"about":[{"href":"https:\/\/turismo.eca.usp.br\/index.php\/wp-json\/wp\/v2\/types\/page"}],"author":[{"embeddable":true,"href":"https:\/\/turismo.eca.usp.br\/index.php\/wp-json\/wp\/v2\/users\/1"}],"replies":[{"embeddable":true,"href":"https:\/\/turismo.eca.usp.br\/index.php\/wp-json\/wp\/v2\/comments?post=1166"}],"version-history":[{"count":9,"href":"https:\/\/turismo.eca.usp.br\/index.php\/wp-json\/wp\/v2\/pages\/1166\/revisions"}],"predecessor-version":[{"id":2893,"href":"https:\/\/turismo.eca.usp.br\/index.php\/wp-json\/wp\/v2\/pages\/1166\/revisions\/2893"}],"wp:featuredmedia":[{"embeddable":true,"href":"https:\/\/turismo.eca.usp.br\/index.php\/wp-json\/wp\/v2\/media\/2476"}],"wp:attachment":[{"href":"https:\/\/turismo.eca.usp.br\/index.php\/wp-json\/wp\/v2\/media?parent=1166"}],"curies":[{"name":"wp","href":"https:\/\/api.w.org\/{rel}","templated":true}]}}