{"id":1370,"date":"2017-10-04T14:42:07","date_gmt":"2017-10-04T17:42:07","guid":{"rendered":"http:\/\/turismo.eca.usp.br\/?page_id=1370"},"modified":"2020-10-23T10:09:12","modified_gmt":"2020-10-23T13:09:12","slug":"o-curso","status":"publish","type":"page","link":"https:\/\/turismo.eca.usp.br\/index.php\/o-curso\/","title":{"rendered":"O Curso"},"content":{"rendered":"<p style=\"text-align: justify;\"><strong>Ser um profissional de turismo \u00e9 muito mais do que viajar!<\/strong><\/p>\n<p style=\"text-align: justify;\">O profissional de turismo graduado pela ECA-USP tem sua forma\u00e7\u00e3o focada no planejamento, organiza\u00e7\u00e3o e gest\u00e3o de destinos tur\u00edsticos que promovam o desenvolvimento sustent\u00e1vel.<\/p>\n<p style=\"text-align: justify;\"><strong>O que aprendemos?<\/strong><br \/>\n. Detectar diferenciais competitivos para neg\u00f3cios tur\u00edsticos<br \/>\n. Estudos de mercado para identificar oportunidades de neg\u00f3cios<br \/>\n. Identificar as influ\u00eancias da economia no turismo<br \/>\n. Elaborar plano de desenvolvimento do turismo para munic\u00edpios e outras localidades<br \/>\n. Preparar plano de marketing tur\u00edstico<br \/>\n. Gerenciar equipes interdisciplinares para propor e implementar projetos tur\u00edsticos<br \/>\n. Planejar e implementar atividades de conscientiza\u00e7\u00e3o do turista e das comunidades receptoras<br \/>\n. Processos de gest\u00e3o estrat\u00e9gica de empreendimentos<br \/>\n. Entender o papel do turismo na preserva\u00e7\u00e3o do patrim\u00f4nio cultural e ambiental<br \/>\n. Identificar e propor estrat\u00e9gias de gest\u00e3o de atrativos tur\u00edsticos<\/p>\n<p style=\"text-align: justify;\"><strong>Como aprendemos?<\/strong><br \/>\n. Investiga\u00e7\u00e3o cient\u00edfica<br \/>\n. Leitura e interpreta\u00e7\u00e3o<br \/>\n. Interc\u00e2mbio acad\u00eamico<br \/>\n. Viagens did\u00e1ticas<br \/>\n. Est\u00e1gio supervisionado<br \/>\n. Intera\u00e7\u00e3o com comunidades<br \/>\n. Organiza\u00e7\u00e3o de eventos<\/p>\n<p style=\"text-align: justify;\"><strong>Onde trabalhamos?<\/strong><br \/>\n. Operadoras e ag\u00eancias de viagem<br \/>\n. Receptivo tur\u00edstico nos destinos<br \/>\n. Empresas de transporte a\u00e9reo, rodovi\u00e1rio ou mar\u00edtimo<br \/>\n. Variados segmentos de hospedagem<br \/>\n. Organiza\u00e7\u00e3o de eventos<br \/>\n. Empreendimentos da iniciativa privada<br \/>\n. Organismos de car\u00e1ter p\u00fablico<\/p>\n<p style=\"text-align: justify;\"><strong>Como trabalhamos?<\/strong><br \/>\n. Elaborando planos e projetos tur\u00edsticos<br \/>\n. Criando e implementando roteiros tur\u00edsticos<br \/>\n. Criando e\/ou reestruturando produtos tur\u00edsticos<br \/>\n. Pesquisando e desenvolvendo produtos destinados a novos segmentos<br \/>\n. Refletindo criticamente sobre a realidade do local tur\u00edstico<br \/>\n. Elaborando, desenvolvendo e implementando estrat\u00e9gias de desenvolvimento de destinos e de valoriza\u00e7\u00e3o da cultura, do meio ambiente e de comunidades locais<\/p>\n<p style=\"text-align: justify;\">Se interessou? Conhe\u00e7a nossa <span style=\"color: #800080;\"><strong><a style=\"color: #800080;\" href=\"https:\/\/uspdigital.usp.br\/jupiterweb\/listarGradeCurricular?codcg=27&amp;codcur=27531&amp;codhab=4&amp;tipo=N\">grade curricular<\/a><\/strong><\/span>.<\/p>\n<p style=\"text-align: justify;\"><strong>Quer saber mais?<\/strong><br \/>\nA nossa experi\u00eancia e o importante trabalho de pesquisa sobre o turismo ao longo destes quase 50 anos de exist\u00eancia do curso acabou virando objeto de estudo.<br \/>\nVeja alguns trabalhos:<\/p>\n<p style=\"text-align: justify;\"><a href=\"http:\/\/turismo.eca.usp.br\/wp-content\/uploads\/2017\/10\/TCC-de-TCCs-ECAUSP-Raquel-Azevedo-_.pdf\"><strong>O TCC de TCCs: A produ\u00e7\u00e3o acad\u00eamica do bacharelado em turismo da Universidade de S\u00e3o Paulo de 1975 a 2015<\/strong><\/a><br \/>\nRaquel Stella de Azevedo \u2013 Escola de Comunica\u00e7\u00f5es e Artes (ECA-USP)<\/p>\n<p style=\"text-align: justify;\"><a href=\"http:\/\/turismo.eca.usp.br\/wp-content\/uploads\/2017\/10\/Ana-Luzia-Magalhaes-Carneiro-1.pdf\"><strong>A forma\u00e7\u00e3o acad\u00eamico-profissional para inclus\u00e3o social nos curso superiores de turismo: dos aspectos socioecon\u00f4micos \u00e0 discuss\u00e3o curricular<\/strong><\/a><br \/>\nAna L\u00fazia Magalh\u00e3es Carneiro \u2013 Pontif\u00edcia Universidade Cat\u00f3lica de S\u00e3o Paulo (PUC-SP)<\/p>\n<p style=\"text-align: justify;\"><strong><a href=\"http:\/\/turismo.eca.usp.br\/wp-content\/uploads\/2017\/10\/CELESTEFILHO-ARTIGO.pdf\">A institucionaliza\u00e7\u00e3o do turismo como curso universit\u00e1rio \u2013 d\u00e9cadas de 1960 e 1970<\/a><\/strong><br \/>\nMacioniro Celeste Filho \u2013 Revista IberoAmerciana de Turismo<\/p>\n<p style=\"text-align: justify;\"><strong><a href=\"http:\/\/repositorio.unicamp.br\/jspui\/bitstream\/REPOSIP\/250942\/1\/Bernardinello_Luciana_M.pdf\">Os sentidos discursivos e seus reflexos na forma\u00e7\u00e3o acad\u00eamica dos bachar\u00e9is em turismo<\/a><\/strong><br \/>\nLuciana Bernardinello \u2013 Universidade Estadual de Campinas (Unicamp-SP)<\/p>\n<p style=\"text-align: justify;\"><strong><a href=\"http:\/\/livros01.livrosgratis.com.br\/cp083972.pdf\">Cursos superiores de turismo. Condicionantes sociais da sua implanta\u00e7\u00e3o: uma abordagem hist\u00f3rica (1968\/1976)<\/a><\/strong><br \/>\nS\u00e9rgio Henrique Azevedo Teixeira \u2013 Universidade S\u00e3o Francisco (USF-SP)<\/p>\n<p style=\"text-align: justify;\"><strong><a href=\"http:\/\/www.youblisher.com\/p\/842005-TURISMO-40-ANOS\/\">40 anos de turismo na ECA: mem\u00f3rias e an\u00e1lises<\/a><\/strong><br \/>\nDiversos autores \u2013 Escola de Comunica\u00e7\u00f5es e Artes (ECA-USP)<\/p>\n","protected":false},"excerpt":{"rendered":"<p>Ser um profissional de turismo \u00e9 muito mais do que viajar! O profissional de turismo graduado pela ECA-USP tem sua forma\u00e7\u00e3o focada no planejamento, organiza\u00e7\u00e3o e gest\u00e3o de destinos tur\u00edsticos&#8230; <\/p>\n<div class=\"link-more\"><a href=\"https:\/\/turismo.eca.usp.br\/index.php\/o-curso\/\">Leia mais<\/a><\/div>\n","protected":false},"author":1,"featured_media":2475,"parent":0,"menu_order":0,"comment_status":"closed","ping_status":"closed","template":"","meta":{"footnotes":""},"_links":{"self":[{"href":"https:\/\/turismo.eca.usp.br\/index.php\/wp-json\/wp\/v2\/pages\/1370"}],"collection":[{"href":"https:\/\/turismo.eca.usp.br\/index.php\/wp-json\/wp\/v2\/pages"}],"about":[{"href":"https:\/\/turismo.eca.usp.br\/index.php\/wp-json\/wp\/v2\/types\/page"}],"author":[{"embeddable":true,"href":"https:\/\/turismo.eca.usp.br\/index.php\/wp-json\/wp\/v2\/users\/1"}],"replies":[{"embeddable":true,"href":"https:\/\/turismo.eca.usp.br\/index.php\/wp-json\/wp\/v2\/comments?post=1370"}],"version-history":[{"count":45,"href":"https:\/\/turismo.eca.usp.br\/index.php\/wp-json\/wp\/v2\/pages\/1370\/revisions"}],"predecessor-version":[{"id":2891,"href":"https:\/\/turismo.eca.usp.br\/index.php\/wp-json\/wp\/v2\/pages\/1370\/revisions\/2891"}],"wp:featuredmedia":[{"embeddable":true,"href":"https:\/\/turismo.eca.usp.br\/index.php\/wp-json\/wp\/v2\/media\/2475"}],"wp:attachment":[{"href":"https:\/\/turismo.eca.usp.br\/index.php\/wp-json\/wp\/v2\/media?parent=1370"}],"curies":[{"name":"wp","href":"https:\/\/api.w.org\/{rel}","templated":true}]}}