{"id":1712,"date":"2018-05-10T16:30:30","date_gmt":"2018-05-10T19:30:30","guid":{"rendered":"http:\/\/turismo.eca.usp.br\/?page_id=1712"},"modified":"2020-10-23T11:22:07","modified_gmt":"2020-10-23T14:22:07","slug":"intercambio","status":"publish","type":"page","link":"https:\/\/turismo.eca.usp.br\/index.php\/intercambio\/","title":{"rendered":"Interc\u00e2mbio"},"content":{"rendered":"<p style=\"margin: 0cm 0cm 0.0001pt; background: white; text-align: justify;\"><span style=\"font-size: 13pt; font-family: Helvetica, sans-serif;\">A experi\u00eancia de viver em outro pa\u00eds, apreciar h\u00e1bitos e culturas diferentes, agregar conhecimento, valorizar o curr\u00edculo e conhecer as produ\u00e7\u00f5es cient\u00edficas que andam pelo mundo s\u00e3o a oportunidade oferecida pelos programas de interc\u00e2mbio da USP.<\/span><\/p>\n<p style=\"margin: 0cm 0cm 0.0001pt; background: white; text-align: justify;\"><span style=\"font-size: 13pt; font-family: Helvetica, sans-serif;\">Gra\u00e7as ao seu alto n\u00edvel de internacionaliza\u00e7\u00e3o, a Universidade busca promover a consolida\u00e7\u00e3o, expans\u00e3o e internacionaliza\u00e7\u00e3o da ci\u00eancia e da inova\u00e7\u00e3o t\u00e9cnico-cient\u00edfica, aumentando a presen\u00e7a de pesquisadores e estudantes de v\u00e1rios n\u00edveis em institui\u00e7\u00f5es de excel\u00eancia no exterior e, tamb\u00e9m, promovendo a inser\u00e7\u00e3o internacional das institui\u00e7\u00f5es brasileiras pela abertura de oportunidades semelhantes para cientistas e estudantes estrangeiros.<\/span><\/p>\n<p style=\"margin: 0cm 0cm 0.0001pt; background: white; text-align: justify;\"><span style=\"font-size: 13pt; font-family: Helvetica, sans-serif;\">Al\u00e9m disso,\u00a0h\u00e1\u00a0outros programas de estudo e de trabalho pelos quais nossos alunos j\u00e1 se aventuraram com o intuito de agregar experi\u00eancia e se preparar para enfrentar a futura vida profissional.<br \/>\n<\/span><span style=\"font-size: 13pt; font-family: Helvetica, sans-serif;\">Abaixo, listamos tr\u00eas diferentes programas com relatos de alunos que j\u00e1 passaram por essa experi\u00eancia.<\/span><\/p>\n<p style=\"margin: 0cm; margin-bottom: .0001pt; background: white; box-sizing: inherit; font-variant-ligatures: normal; font-variant-caps: normal; orphans: 2; text-align: start; widows: 2; -webkit-text-stroke-width: 0px; text-decoration-style: initial; text-decoration-color: initial; word-spacing: 0px;\"><span style=\"text-decoration: underline;\"><span style=\"box-sizing: inherit;\"><span style=\"font-size: 13pt; font-family: Helvetica, sans-serif;\"><span style=\"text-decoration: underline;\"><a style=\"box-sizing: inherit;\" href=\"http:\/\/turismo.eca.usp.br\/index.php\/2018\/05\/10\/intercambio-pela-usp\/\">USP Aucani<\/a><\/span><\/span><\/span><\/span><\/p>\n<p style=\"margin: 0cm; margin-bottom: .0001pt; background: white; box-sizing: inherit; font-variant-ligatures: normal; font-variant-caps: normal; orphans: 2; text-align: start; widows: 2; -webkit-text-stroke-width: 0px; text-decoration-style: initial; text-decoration-color: initial; word-spacing: 0px;\"><span style=\"box-sizing: inherit;\"><u><span style=\"font-size: 13pt; font-family: Helvetica, sans-serif;\"><a style=\"box-sizing: inherit;\" href=\"http:\/\/turismo.eca.usp.br\/index.php\/2018\/06\/04\/pqi-programa-de-qualificacao-internacional\/\">Programa de Qualifica\u00e7\u00e3o Internacional<\/a>\u00a0(PQI)<\/span><\/u><\/span><\/p>\n<p style=\"margin: 0cm; margin-bottom: .0001pt; background: white; box-sizing: inherit; font-variant-ligatures: normal; font-variant-caps: normal; orphans: 2; text-align: start; widows: 2; -webkit-text-stroke-width: 0px; text-decoration-style: initial; text-decoration-color: initial; word-spacing: 0px;\"><span style=\"text-decoration: underline;\"><a href=\"http:\/\/turismo.eca.usp.br\/index.php\/2018\/05\/11\/icp-international-college-program\/\">Disney Cultural Exchange Program<\/a><\/span><\/p>\n<p style=\"margin: 0cm 0cm 0.0001pt; background: white; box-sizing: inherit; font-variant-ligatures: normal; font-variant-caps: normal; orphans: 2; text-align: justify; widows: 2; -webkit-text-stroke-width: 0px; text-decoration-style: initial; text-decoration-color: initial; word-spacing: 0px;\"><strong><span style=\"font-size: 13pt; font-family: Helvetica, sans-serif;\"><br \/>\nRecep\u00e7\u00e3o de Intercambistas<br \/>\n<\/span><\/strong>Assim como vamos para o exterior, estudantes de outros pa\u00edses tamb\u00e9m v\u00eam partilhar e adquirir conhecimento conosco.<br \/>\n<span style=\"font-size: 13pt; font-family: Helvetica, sans-serif;\">O<span style=\"color: #6a347e;\">\u00a0<strong><a style=\"color: #6a347e;\" href=\"http:\/\/www.usp.br\/internationaloffice\/index.php\/usp-ifriends\/\"><span style=\"font-family: 'Helvetica','sans-serif';\">USP iFriends<\/span><\/a>\u00a0<\/strong><\/span>\u00e9 um programa de voluntariado que tem como intuito integrar os estudantes estrangeiros \u00e0 comunidade universit\u00e1ria, por meio do\u00a0<\/span><span style=\"font-size: 13pt; font-family: Helvetica, sans-serif;\"><span style=\"font-family: 'Helvetica','sans-serif';\">Amigo USP<\/span>,\u00a0<span style=\"font-family: 'Helvetica','sans-serif';\">aluno regular de gradua\u00e7\u00e3o da USP<\/span>.<\/span><\/p>\n","protected":false},"excerpt":{"rendered":"<p>A experi\u00eancia de viver em outro pa\u00eds, apreciar h\u00e1bitos e culturas diferentes, agregar conhecimento, valorizar o curr\u00edculo e conhecer as produ\u00e7\u00f5es cient\u00edficas que andam pelo mundo s\u00e3o a oportunidade oferecida&#8230; <\/p>\n<div class=\"link-more\"><a href=\"https:\/\/turismo.eca.usp.br\/index.php\/intercambio\/\">Leia mais<\/a><\/div>\n","protected":false},"author":1,"featured_media":2481,"parent":0,"menu_order":0,"comment_status":"closed","ping_status":"closed","template":"","meta":{"footnotes":""},"_links":{"self":[{"href":"https:\/\/turismo.eca.usp.br\/index.php\/wp-json\/wp\/v2\/pages\/1712"}],"collection":[{"href":"https:\/\/turismo.eca.usp.br\/index.php\/wp-json\/wp\/v2\/pages"}],"about":[{"href":"https:\/\/turismo.eca.usp.br\/index.php\/wp-json\/wp\/v2\/types\/page"}],"author":[{"embeddable":true,"href":"https:\/\/turismo.eca.usp.br\/index.php\/wp-json\/wp\/v2\/users\/1"}],"replies":[{"embeddable":true,"href":"https:\/\/turismo.eca.usp.br\/index.php\/wp-json\/wp\/v2\/comments?post=1712"}],"version-history":[{"count":26,"href":"https:\/\/turismo.eca.usp.br\/index.php\/wp-json\/wp\/v2\/pages\/1712\/revisions"}],"predecessor-version":[{"id":2897,"href":"https:\/\/turismo.eca.usp.br\/index.php\/wp-json\/wp\/v2\/pages\/1712\/revisions\/2897"}],"wp:featuredmedia":[{"embeddable":true,"href":"https:\/\/turismo.eca.usp.br\/index.php\/wp-json\/wp\/v2\/media\/2481"}],"wp:attachment":[{"href":"https:\/\/turismo.eca.usp.br\/index.php\/wp-json\/wp\/v2\/media?parent=1712"}],"curies":[{"name":"wp","href":"https:\/\/api.w.org\/{rel}","templated":true}]}}