{"id":697,"date":"2018-09-20T10:38:33","date_gmt":"2018-09-20T13:38:33","guid":{"rendered":"http:\/\/turismo.eca.usp.br\/?page_id=697"},"modified":"2020-11-20T14:06:07","modified_gmt":"2020-11-20T17:06:07","slug":"trabalho-de-campo","status":"publish","type":"page","link":"https:\/\/turismo.eca.usp.br\/index.php\/trabalho-de-campo\/","title":{"rendered":"Atividades de Campo"},"content":{"rendered":"<p style=\"text-align: justify;\">Durante o curso de turismo da USP, s\u00e3o desenvolvidas diversas atividades de campo, geralmente uma por semestre, nas quais \u00e9 poss\u00edvel desenvolver as habilidades pr\u00e1ticas requeridas pela profiss\u00e3o.\u00a0Visite as p\u00e1ginas de cada atividade e veja por onde n\u00f3s passamos.<\/p>\n<p style=\"text-align: justify;\"><img loading=\"lazy\" decoding=\"async\" class=\"alignleft size-thumbnail wp-image-2941\" src=\"http:\/\/turismo.eca.usp.br\/wp-content\/uploads\/2020\/10\/Trabalho-de-Campo-em-Atrativo-Hist\u00f3rico-Cultural-1-150x150.png\" alt=\"Trabalho de Campo em Atrativo Hist\u00f3rico-Cultural (1)\" width=\"150\" height=\"150\" srcset=\"https:\/\/turismo.eca.usp.br\/wp-content\/uploads\/2020\/10\/Trabalho-de-Campo-em-Atrativo-Hist\u00f3rico-Cultural-1-150x150.png 150w, https:\/\/turismo.eca.usp.br\/wp-content\/uploads\/2020\/10\/Trabalho-de-Campo-em-Atrativo-Hist\u00f3rico-Cultural-1-300x300.png 300w, https:\/\/turismo.eca.usp.br\/wp-content\/uploads\/2020\/10\/Trabalho-de-Campo-em-Atrativo-Hist\u00f3rico-Cultural-1-768x768.png 768w, https:\/\/turismo.eca.usp.br\/wp-content\/uploads\/2020\/10\/Trabalho-de-Campo-em-Atrativo-Hist\u00f3rico-Cultural-1-1024x1024.png 1024w, https:\/\/turismo.eca.usp.br\/wp-content\/uploads\/2020\/10\/Trabalho-de-Campo-em-Atrativo-Hist\u00f3rico-Cultural-1.png 1080w\" sizes=\"(max-width: 150px) 100vw, 150px\" \/><br \/>\n<strong><a href=\"http:\/\/turismo.eca.usp.br\/index.php\/2020\/10\/14\/introducao-ao-trabalho-de-campo\/\">Introdu\u00e7\u00e3o ao Trabalho de Campo em Turismo<\/a><br \/>\n<\/strong>1\u00ba Semestre<\/p>\n<p style=\"text-align: justify;\">\n<p style=\"text-align: justify;\">\n<p><img loading=\"lazy\" decoding=\"async\" class=\"size-thumbnail wp-image-2942 alignright\" src=\"http:\/\/turismo.eca.usp.br\/wp-content\/uploads\/2020\/10\/Trabalho-de-Campo-em-Atrativo-Hist\u00f3rico-Cultural-2-150x150.png\" alt=\"Trabalho de Campo em Atrativo Hist\u00f3rico-Cultural (2)\" width=\"150\" height=\"150\" srcset=\"https:\/\/turismo.eca.usp.br\/wp-content\/uploads\/2020\/10\/Trabalho-de-Campo-em-Atrativo-Hist\u00f3rico-Cultural-2-150x150.png 150w, https:\/\/turismo.eca.usp.br\/wp-content\/uploads\/2020\/10\/Trabalho-de-Campo-em-Atrativo-Hist\u00f3rico-Cultural-2-300x300.png 300w, https:\/\/turismo.eca.usp.br\/wp-content\/uploads\/2020\/10\/Trabalho-de-Campo-em-Atrativo-Hist\u00f3rico-Cultural-2-768x768.png 768w, https:\/\/turismo.eca.usp.br\/wp-content\/uploads\/2020\/10\/Trabalho-de-Campo-em-Atrativo-Hist\u00f3rico-Cultural-2-1024x1024.png 1024w, https:\/\/turismo.eca.usp.br\/wp-content\/uploads\/2020\/10\/Trabalho-de-Campo-em-Atrativo-Hist\u00f3rico-Cultural-2.png 1080w\" sizes=\"(max-width: 150px) 100vw, 150px\" \/><\/p>\n<p style=\"text-align: right;\"><strong><a href=\"http:\/\/turismo.eca.usp.br\/index.php\/2020\/10\/14\/trabalho-de-campo-em-area-de-protecao-ambiental\/\">Trabalho de Campo em \u00c1rea de Prote\u00e7\u00e3o Ambiental<\/a><br \/>\n<\/strong>2\u00ba Semestre<\/p>\n<p style=\"text-align: justify;\">\n<p style=\"text-align: justify;\">\n<p class=\"alignnone\" style=\"text-align: justify;\"><img loading=\"lazy\" decoding=\"async\" class=\"alignleft size-thumbnail wp-image-2943\" src=\"http:\/\/turismo.eca.usp.br\/wp-content\/uploads\/2020\/10\/Trabalho-de-Campo-em-Atrativo-Hist\u00f3rico-Cultural-1-1-150x150.png\" alt=\"Trabalho de Campo em Atrativo Hist\u00f3rico-Cultural (1)\" width=\"150\" height=\"150\" srcset=\"https:\/\/turismo.eca.usp.br\/wp-content\/uploads\/2020\/10\/Trabalho-de-Campo-em-Atrativo-Hist\u00f3rico-Cultural-1-1-150x150.png 150w, https:\/\/turismo.eca.usp.br\/wp-content\/uploads\/2020\/10\/Trabalho-de-Campo-em-Atrativo-Hist\u00f3rico-Cultural-1-1-300x300.png 300w, https:\/\/turismo.eca.usp.br\/wp-content\/uploads\/2020\/10\/Trabalho-de-Campo-em-Atrativo-Hist\u00f3rico-Cultural-1-1-768x768.png 768w, https:\/\/turismo.eca.usp.br\/wp-content\/uploads\/2020\/10\/Trabalho-de-Campo-em-Atrativo-Hist\u00f3rico-Cultural-1-1-1024x1024.png 1024w, https:\/\/turismo.eca.usp.br\/wp-content\/uploads\/2020\/10\/Trabalho-de-Campo-em-Atrativo-Hist\u00f3rico-Cultural-1-1.png 1080w\" sizes=\"(max-width: 150px) 100vw, 150px\" \/><a href=\"http:\/\/turismo.eca.usp.br\/index.php\/2020\/10\/15\/trabalho-de-campo-em-atrativos-historico-culturais\/\">\u00a0<\/a><br \/>\n<a href=\"http:\/\/turismo.eca.usp.br\/index.php\/2020\/10\/15\/trabalho-de-campo-em-atrativos-historico-culturais\/\"><strong>Trabalho de Campo em Atrativos Hist\u00f3rico-Culturais<br \/>\n<\/strong><\/a>3\u00ba Semestre<\/p>\n<p style=\"text-align: justify;\">\n<p style=\"text-align: justify;\">\n<p style=\"text-align: right;\"><img loading=\"lazy\" decoding=\"async\" class=\"size-thumbnail wp-image-2946 alignright\" src=\"http:\/\/turismo.eca.usp.br\/wp-content\/uploads\/2020\/10\/Trabalho-de-Campo-em-Atrativo-Hist\u00f3rico-Cultural-2-1-150x150.png\" alt=\"Trabalho de Campo em Atrativo Hist\u00f3rico-Cultural (2)\" width=\"150\" height=\"150\" srcset=\"https:\/\/turismo.eca.usp.br\/wp-content\/uploads\/2020\/10\/Trabalho-de-Campo-em-Atrativo-Hist\u00f3rico-Cultural-2-1-150x150.png 150w, https:\/\/turismo.eca.usp.br\/wp-content\/uploads\/2020\/10\/Trabalho-de-Campo-em-Atrativo-Hist\u00f3rico-Cultural-2-1-300x300.png 300w, https:\/\/turismo.eca.usp.br\/wp-content\/uploads\/2020\/10\/Trabalho-de-Campo-em-Atrativo-Hist\u00f3rico-Cultural-2-1-768x768.png 768w, https:\/\/turismo.eca.usp.br\/wp-content\/uploads\/2020\/10\/Trabalho-de-Campo-em-Atrativo-Hist\u00f3rico-Cultural-2-1-1024x1024.png 1024w, https:\/\/turismo.eca.usp.br\/wp-content\/uploads\/2020\/10\/Trabalho-de-Campo-em-Atrativo-Hist\u00f3rico-Cultural-2-1.png 1080w\" sizes=\"(max-width: 150px) 100vw, 150px\" \/><br \/>\n<strong><a href=\"http:\/\/turismo.eca.usp.br\/index.php\/2020\/10\/14\/trabalho-de-campo-em-empreendimento-turistico\/\">Trabalho de Campo em Empreendimento Tur\u00edstico<\/a><br \/>\n<\/strong>4\u00aa Semestre<\/p>\n<p style=\"text-align: justify;\">\n<p style=\"text-align: justify;\">\n<p style=\"text-align: justify;\"><img loading=\"lazy\" decoding=\"async\" class=\"alignleft size-thumbnail wp-image-2948\" src=\"http:\/\/turismo.eca.usp.br\/wp-content\/uploads\/2020\/10\/Trabalho-de-Campo-em-Atrativo-Hist\u00f3rico-Cultural-3-150x150.png\" alt=\"Trabalho de Campo em Atrativo Hist\u00f3rico-Cultural (3)\" width=\"150\" height=\"150\" srcset=\"https:\/\/turismo.eca.usp.br\/wp-content\/uploads\/2020\/10\/Trabalho-de-Campo-em-Atrativo-Hist\u00f3rico-Cultural-3-150x150.png 150w, https:\/\/turismo.eca.usp.br\/wp-content\/uploads\/2020\/10\/Trabalho-de-Campo-em-Atrativo-Hist\u00f3rico-Cultural-3-300x300.png 300w, https:\/\/turismo.eca.usp.br\/wp-content\/uploads\/2020\/10\/Trabalho-de-Campo-em-Atrativo-Hist\u00f3rico-Cultural-3-768x768.png 768w, https:\/\/turismo.eca.usp.br\/wp-content\/uploads\/2020\/10\/Trabalho-de-Campo-em-Atrativo-Hist\u00f3rico-Cultural-3-1024x1024.png 1024w, https:\/\/turismo.eca.usp.br\/wp-content\/uploads\/2020\/10\/Trabalho-de-Campo-em-Atrativo-Hist\u00f3rico-Cultural-3.png 1080w\" sizes=\"(max-width: 150px) 100vw, 150px\" \/><br \/>\n<strong><a href=\"http:\/\/turismo.eca.usp.br\/index.php\/2020\/10\/15\/trabalho-de-campo-em-operacao-turistica\/\">Trabalho de Campo em Opera\u00e7\u00e3o Tur\u00edstica<\/a><br \/>\n<\/strong>5\u00ba Semestre<\/p>\n<p style=\"text-align: justify;\">\n<p style=\"text-align: justify;\">\n<p class=\"alignnone\" style=\"text-align: right;\"><img loading=\"lazy\" decoding=\"async\" class=\"size-thumbnail wp-image-2950 alignright\" src=\"http:\/\/turismo.eca.usp.br\/wp-content\/uploads\/2020\/10\/Trabalho-de-Campo-em-Atrativo-Hist\u00f3rico-Cultural-1-2-150x150.png\" alt=\"Trabalho de Campo em Atrativo Hist\u00f3rico-Cultural (1)\" width=\"150\" height=\"150\" srcset=\"https:\/\/turismo.eca.usp.br\/wp-content\/uploads\/2020\/10\/Trabalho-de-Campo-em-Atrativo-Hist\u00f3rico-Cultural-1-2-150x150.png 150w, https:\/\/turismo.eca.usp.br\/wp-content\/uploads\/2020\/10\/Trabalho-de-Campo-em-Atrativo-Hist\u00f3rico-Cultural-1-2-300x300.png 300w, https:\/\/turismo.eca.usp.br\/wp-content\/uploads\/2020\/10\/Trabalho-de-Campo-em-Atrativo-Hist\u00f3rico-Cultural-1-2-768x768.png 768w, https:\/\/turismo.eca.usp.br\/wp-content\/uploads\/2020\/10\/Trabalho-de-Campo-em-Atrativo-Hist\u00f3rico-Cultural-1-2-1024x1024.png 1024w, https:\/\/turismo.eca.usp.br\/wp-content\/uploads\/2020\/10\/Trabalho-de-Campo-em-Atrativo-Hist\u00f3rico-Cultural-1-2.png 1080w\" sizes=\"(max-width: 150px) 100vw, 150px\" \/><br \/>\n<strong><a href=\"http:\/\/turismo.eca.usp.br\/index.php\/2020\/10\/20\/trabalho-de-campo-em-destino-turistico\/\">Trabalho de Campo em Destino Tur\u00edstico<\/a><br \/>\n<\/strong>6\u00ba Semestre<\/p>\n<h2><\/h2>\n","protected":false},"excerpt":{"rendered":"<p>Durante o curso de turismo da USP, s\u00e3o desenvolvidas diversas atividades de campo, geralmente uma por semestre, nas quais \u00e9 poss\u00edvel desenvolver as habilidades pr\u00e1ticas requeridas pela profiss\u00e3o.\u00a0Visite as p\u00e1ginas&#8230; <\/p>\n<div class=\"link-more\"><a href=\"https:\/\/turismo.eca.usp.br\/index.php\/trabalho-de-campo\/\">Leia mais<\/a><\/div>\n","protected":false},"author":1,"featured_media":0,"parent":0,"menu_order":0,"comment_status":"closed","ping_status":"closed","template":"","meta":{"footnotes":""},"_links":{"self":[{"href":"https:\/\/turismo.eca.usp.br\/index.php\/wp-json\/wp\/v2\/pages\/697"}],"collection":[{"href":"https:\/\/turismo.eca.usp.br\/index.php\/wp-json\/wp\/v2\/pages"}],"about":[{"href":"https:\/\/turismo.eca.usp.br\/index.php\/wp-json\/wp\/v2\/types\/page"}],"author":[{"embeddable":true,"href":"https:\/\/turismo.eca.usp.br\/index.php\/wp-json\/wp\/v2\/users\/1"}],"replies":[{"embeddable":true,"href":"https:\/\/turismo.eca.usp.br\/index.php\/wp-json\/wp\/v2\/comments?post=697"}],"version-history":[{"count":92,"href":"https:\/\/turismo.eca.usp.br\/index.php\/wp-json\/wp\/v2\/pages\/697\/revisions"}],"predecessor-version":[{"id":811,"href":"https:\/\/turismo.eca.usp.br\/index.php\/wp-json\/wp\/v2\/pages\/697\/revisions\/811"}],"wp:attachment":[{"href":"https:\/\/turismo.eca.usp.br\/index.php\/wp-json\/wp\/v2\/media?parent=697"}],"curies":[{"name":"wp","href":"https:\/\/api.w.org\/{rel}","templated":true}]}}